{"id":48411,"date":"2025-05-07T01:54:01","date_gmt":"2025-05-06T23:54:01","guid":{"rendered":"https:\/\/hyllancompany.com\/?post_type=product&#038;p=48411"},"modified":"2025-05-07T02:11:00","modified_gmt":"2025-05-07T00:11:00","slug":"huile-eclaircissante-juan-a-la-busserole-60-ml","status":"publish","type":"product","link":"https:\/\/hyllancompany.com\/index.php\/produit\/huile-eclaircissante-juan-a-la-busserole-60-ml\/","title":{"rendered":"Huile \u00e9claircissante juan \u00e0 la busserole 60 ml"},"content":{"rendered":"<p class=\"\" data-start=\"101\" data-end=\"486\">Offrez \u00e0 votre peau un \u00e9clat naturel et uniforme gr\u00e2ce \u00e0 l\u2019huile \u00e9claircissante Juan \u00e0 la busserole. Formul\u00e9e \u00e0 base d&#8217;extrait de busserole, un actif reconnu pour ses propri\u00e9t\u00e9s \u00e9claircissantes douces, cette huile aide \u00e0 att\u00e9nuer progressivement les taches pigmentaires, \u00e0 unifier le teint et \u00e0 raviver l\u2019\u00e9clat naturel de la peau.<\/p>\n<p class=\"\" data-start=\"488\" data-end=\"742\">Sa texture l\u00e9g\u00e8re p\u00e9n\u00e8tre rapidement sans laisser de film gras, laissant la peau souple, hydrat\u00e9e et visiblement plus lumineuse. Parfaite pour les peaux ternes ou sujettes aux taches, cette huile peut s&#8217;utiliser quotidiennement sur le visage ou le corps.<\/p>\n<p class=\"\" data-start=\"744\" data-end=\"759\"><strong data-start=\"744\" data-end=\"759\">B\u00e9n\u00e9fices :<\/strong><\/p>\n<ul data-start=\"760\" data-end=\"909\">\n<li class=\"\" data-start=\"760\" data-end=\"803\">\n<p class=\"\" data-start=\"762\" data-end=\"803\">\u00c9claircit et unifie le teint en douceur<\/p>\n<\/li>\n<li class=\"\" data-start=\"804\" data-end=\"844\">\n<p class=\"\" data-start=\"806\" data-end=\"844\">R\u00e9duit l\u2019apparence des taches brunes<\/p>\n<\/li>\n<li class=\"\" data-start=\"845\" data-end=\"875\">\n<p class=\"\" data-start=\"847\" data-end=\"875\">Hydrate et adoucit la peau<\/p>\n<\/li>\n<li class=\"\" data-start=\"876\" data-end=\"909\">\n<p class=\"\" data-start=\"878\" data-end=\"909\">Convient \u00e0 tous types de peau<\/p>\n<\/li>\n<\/ul>\n<p class=\"\" data-start=\"911\" data-end=\"1109\"><strong data-start=\"911\" data-end=\"939\">Conseils d\u2019utilisation :<\/strong><br data-start=\"939\" data-end=\"942\" \/>Appliquer quelques gouttes matin et soir sur une peau propre, en massant d\u00e9licatement jusqu\u2019\u00e0 absorption compl\u00e8te. Pour de meilleurs r\u00e9sultats, utiliser r\u00e9guli\u00e8rement.<\/p>\n","protected":false},"excerpt":{"rendered":"<p>Offrez \u00e0 votre peau un \u00e9clat naturel et uniforme gr\u00e2ce \u00e0 l\u2019huile \u00e9claircissante Juan \u00e0 la busserole. Formul\u00e9e \u00e0 base d&#8217;extrait de busserole, un actif reconnu pour ses propri\u00e9t\u00e9s \u00e9claircissantes douces, cette huile aide \u00e0 att\u00e9nuer progressivement les taches pigmentaires, \u00e0 unifier le teint et \u00e0 raviver l\u2019\u00e9clat naturel de la peau. Sa texture l\u00e9g\u00e8re [&hellip;]<\/p>\n","protected":false},"featured_media":48412,"comment_status":"open","ping_status":"closed","template":"","meta":[],"product_brand":[163],"product_cat":[150,160],"product_tag":[],"class_list":{"0":"post-48411","1":"product","2":"type-product","3":"status-publish","4":"has-post-thumbnail","6":"product_brand-promo","7":"product_cat-arrivage","8":"product_cat-produits-corporels","11":"first","12":"instock","13":"shipping-taxable","14":"purchasable","15":"product-type-simple"},"_links":{"self":[{"href":"https:\/\/hyllancompany.com\/index.php\/wp-json\/wp\/v2\/product\/48411","targetHints":{"allow":["GET"]}}],"collection":[{"href":"https:\/\/hyllancompany.com\/index.php\/wp-json\/wp\/v2\/product"}],"about":[{"href":"https:\/\/hyllancompany.com\/index.php\/wp-json\/wp\/v2\/types\/product"}],"replies":[{"embeddable":true,"href":"https:\/\/hyllancompany.com\/index.php\/wp-json\/wp\/v2\/comments?post=48411"}],"version-history":[{"count":1,"href":"https:\/\/hyllancompany.com\/index.php\/wp-json\/wp\/v2\/product\/48411\/revisions"}],"predecessor-version":[{"id":48413,"href":"https:\/\/hyllancompany.com\/index.php\/wp-json\/wp\/v2\/product\/48411\/revisions\/48413"}],"wp:featuredmedia":[{"embeddable":true,"href":"https:\/\/hyllancompany.com\/index.php\/wp-json\/wp\/v2\/media\/48412"}],"wp:attachment":[{"href":"https:\/\/hyllancompany.com\/index.php\/wp-json\/wp\/v2\/media?parent=48411"}],"wp:term":[{"taxonomy":"product_brand","embeddable":true,"href":"https:\/\/hyllancompany.com\/index.php\/wp-json\/wp\/v2\/product_brand?post=48411"},{"taxonomy":"product_cat","embeddable":true,"href":"https:\/\/hyllancompany.com\/index.php\/wp-json\/wp\/v2\/product_cat?post=48411"},{"taxonomy":"product_tag","embeddable":true,"href":"https:\/\/hyllancompany.com\/index.php\/wp-json\/wp\/v2\/product_tag?post=48411"}],"curies":[{"name":"wp","href":"https:\/\/api.w.org\/{rel}","templated":true}]}}