{"id":48427,"date":"2025-05-07T08:25:23","date_gmt":"2025-05-07T06:25:23","guid":{"rendered":"https:\/\/hyllancompany.com\/?post_type=product&#038;p=48427"},"modified":"2025-05-07T08:34:30","modified_gmt":"2025-05-07T06:34:30","slug":"48427","status":"publish","type":"product","link":"https:\/\/hyllancompany.com\/index.php\/produit\/48427\/","title":{"rendered":"Cr\u00e8me Solaire \u2013 100 ml"},"content":{"rendered":"<h3 class=\"\" data-start=\"97\" data-end=\"127\"><strong data-start=\"101\" data-end=\"127\">Cr\u00e8me Solaire \u2013 100 ml\u00a0<\/strong><\/h3>\n<p class=\"\" data-start=\"151\" data-end=\"581\">Prot\u00e9gez efficacement votre peau contre les effets nocifs du soleil gr\u00e2ce \u00e0 cette <strong data-start=\"253\" data-end=\"288\">cr\u00e8me solaire haute performance<\/strong>. Sa formule innovante aide \u00e0 pr\u00e9venir les <strong data-start=\"331\" data-end=\"370\">dommages cutan\u00e9s li\u00e9s aux rayons UV<\/strong> tout en renfor\u00e7ant la barri\u00e8re naturelle de la peau. Enrichie en <strong data-start=\"436\" data-end=\"452\">antioxydants<\/strong> et en <strong data-start=\"459\" data-end=\"473\">vitamine C<\/strong>, elle agit \u00e9galement contre les <strong data-start=\"506\" data-end=\"539\">contaminants environnementaux<\/strong> responsables du vieillissement pr\u00e9matur\u00e9.<\/p>\n<p class=\"\" data-start=\"583\" data-end=\"607\"><strong data-start=\"583\" data-end=\"605\">Caract\u00e9ristiques :<\/strong><\/p>\n<ul data-start=\"608\" data-end=\"840\">\n<li class=\"\" data-start=\"608\" data-end=\"645\">\n<p class=\"\" data-start=\"610\" data-end=\"645\">Prot\u00e8ge la peau des <strong data-start=\"630\" data-end=\"643\">rayons UV<\/strong><\/p>\n<\/li>\n<li class=\"\" data-start=\"646\" data-end=\"703\">\n<p class=\"\" data-start=\"648\" data-end=\"703\">Contient des <strong data-start=\"661\" data-end=\"677\">antioxydants<\/strong> et de la <strong data-start=\"687\" data-end=\"701\">vitamine C<\/strong><\/p>\n<\/li>\n<li class=\"\" data-start=\"704\" data-end=\"759\">\n<p class=\"\" data-start=\"706\" data-end=\"759\">Aide \u00e0 lutter contre les <strong data-start=\"731\" data-end=\"757\">agressions ext\u00e9rieures<\/strong><\/p>\n<\/li>\n<li class=\"\" data-start=\"760\" data-end=\"806\">\n<p class=\"\" data-start=\"762\" data-end=\"806\">Texture l\u00e9g\u00e8re et agr\u00e9able \u00e0 l&#8217;application<\/p>\n<\/li>\n<li class=\"\" data-start=\"807\" data-end=\"840\">\n<p class=\"\" data-start=\"809\" data-end=\"840\">Convient \u00e0 tous types de peau<\/p>\n<\/li>\n<\/ul>\n<p class=\"\" data-start=\"842\" data-end=\"1061\"><strong data-start=\"842\" data-end=\"870\">Composition principale :<\/strong><br data-start=\"870\" data-end=\"873\" \/>Eau, butylene glycol, glyc\u00e9rine, ethylhexyl methoxycinnamate (filtre UV), extrait de grenade (Punica granatum), triglyc\u00e9rides capryliques\/capriques, dim\u00e9thicone, alcool c20-22, \u00e9rythritol.<\/p>\n<p class=\"\" data-start=\"1063\" data-end=\"1286\"><strong data-start=\"1063\" data-end=\"1082\">Mode d\u2019emploi :<\/strong><br data-start=\"1082\" data-end=\"1085\" \/>Avant toute exposition au soleil, appliquer une <strong data-start=\"1133\" data-end=\"1163\">dose g\u00e9n\u00e9reuse et homog\u00e8ne<\/strong> sur les zones expos\u00e9es. Renouveler fr\u00e9quemment l\u2019application, en particulier apr\u00e8s avoir transpir\u00e9, nag\u00e9 ou s\u2019\u00eatre essuy\u00e9.<\/p>\n","protected":false},"excerpt":{"rendered":"<p>Cr\u00e8me Solaire \u2013 100 ml\u00a0 Prot\u00e9gez efficacement votre peau contre les effets nocifs du soleil gr\u00e2ce \u00e0 cette cr\u00e8me solaire haute performance. Sa formule innovante aide \u00e0 pr\u00e9venir les dommages cutan\u00e9s li\u00e9s aux rayons UV tout en renfor\u00e7ant la barri\u00e8re naturelle de la peau. Enrichie en antioxydants et en vitamine C, elle agit \u00e9galement contre [&hellip;]<\/p>\n","protected":false},"featured_media":48428,"comment_status":"open","ping_status":"closed","template":"","meta":[],"product_brand":[167],"product_cat":[150,160],"product_tag":[],"class_list":{"0":"post-48427","1":"product","2":"type-product","3":"status-publish","4":"has-post-thumbnail","6":"product_brand-filtre-solaire","7":"product_cat-arrivage","8":"product_cat-produits-corporels","11":"first","12":"instock","13":"shipping-taxable","14":"purchasable","15":"product-type-simple"},"_links":{"self":[{"href":"https:\/\/hyllancompany.com\/index.php\/wp-json\/wp\/v2\/product\/48427","targetHints":{"allow":["GET"]}}],"collection":[{"href":"https:\/\/hyllancompany.com\/index.php\/wp-json\/wp\/v2\/product"}],"about":[{"href":"https:\/\/hyllancompany.com\/index.php\/wp-json\/wp\/v2\/types\/product"}],"replies":[{"embeddable":true,"href":"https:\/\/hyllancompany.com\/index.php\/wp-json\/wp\/v2\/comments?post=48427"}],"version-history":[{"count":2,"href":"https:\/\/hyllancompany.com\/index.php\/wp-json\/wp\/v2\/product\/48427\/revisions"}],"predecessor-version":[{"id":48431,"href":"https:\/\/hyllancompany.com\/index.php\/wp-json\/wp\/v2\/product\/48427\/revisions\/48431"}],"wp:featuredmedia":[{"embeddable":true,"href":"https:\/\/hyllancompany.com\/index.php\/wp-json\/wp\/v2\/media\/48428"}],"wp:attachment":[{"href":"https:\/\/hyllancompany.com\/index.php\/wp-json\/wp\/v2\/media?parent=48427"}],"wp:term":[{"taxonomy":"product_brand","embeddable":true,"href":"https:\/\/hyllancompany.com\/index.php\/wp-json\/wp\/v2\/product_brand?post=48427"},{"taxonomy":"product_cat","embeddable":true,"href":"https:\/\/hyllancompany.com\/index.php\/wp-json\/wp\/v2\/product_cat?post=48427"},{"taxonomy":"product_tag","embeddable":true,"href":"https:\/\/hyllancompany.com\/index.php\/wp-json\/wp\/v2\/product_tag?post=48427"}],"curies":[{"name":"wp","href":"https:\/\/api.w.org\/{rel}","templated":true}]}}