{"id":48438,"date":"2025-05-07T08:52:58","date_gmt":"2025-05-07T06:52:58","guid":{"rendered":"https:\/\/hyllancompany.com\/?post_type=product&#038;p=48438"},"modified":"2025-05-07T08:52:58","modified_gmt":"2025-05-07T06:52:58","slug":"gel-de-douche-hydratant-juan-500-ml","status":"publish","type":"product","link":"https:\/\/hyllancompany.com\/index.php\/produit\/gel-de-douche-hydratant-juan-500-ml\/","title":{"rendered":"Gel de Douche Hydratant JUAN \u2013 500 ml"},"content":{"rendered":"<p class=\"\" data-start=\"186\" data-end=\"606\">Offrez \u00e0 votre peau un moment de douceur et de bien-\u00eatre avec le <strong data-start=\"271\" data-end=\"303\">Gel de Douche Hydratant JUAN<\/strong>. Utilisable comme <strong data-start=\"322\" data-end=\"369\">gel de douche, bain moussant ou gel de bain<\/strong>, il nettoie d\u00e9licatement tout en <strong data-start=\"403\" data-end=\"459\">pr\u00e9servant le film hydrolipidique naturel de la peau<\/strong>. Sa formule enrichie en <strong data-start=\"484\" data-end=\"541\">extraits d\u2019ylang-ylang, eucalyptus, benjoin et santal<\/strong> apporte une sensation de fra\u00eecheur, de propret\u00e9 et d\u2019apaisement.<\/p>\n<p class=\"\" data-start=\"608\" data-end=\"630\"><strong data-start=\"608\" data-end=\"628\">B\u00e9n\u00e9fices cl\u00e9s :<\/strong><\/p>\n<ul data-start=\"631\" data-end=\"975\">\n<li class=\"\" data-start=\"631\" data-end=\"679\">\n<p class=\"\" data-start=\"633\" data-end=\"679\"><strong data-start=\"633\" data-end=\"655\">Nettoie en douceur<\/strong> sans agresser la peau<\/p>\n<\/li>\n<li class=\"\" data-start=\"680\" data-end=\"728\">\n<p class=\"\" data-start=\"682\" data-end=\"728\">Formule <strong data-start=\"690\" data-end=\"726\">hypoallerg\u00e9nique anti-irritation<\/strong><\/p>\n<\/li>\n<li class=\"\" data-start=\"729\" data-end=\"778\">\n<p class=\"\" data-start=\"731\" data-end=\"778\"><strong data-start=\"731\" data-end=\"753\">Hydrate et adoucit<\/strong> gr\u00e2ce \u00e0 la vitamine B5<\/p>\n<\/li>\n<li class=\"\" data-start=\"779\" data-end=\"842\">\n<p class=\"\" data-start=\"781\" data-end=\"842\">Prot\u00e8ge la peau avec un <strong data-start=\"805\" data-end=\"840\">bouclier hydrolipidique naturel<\/strong><\/p>\n<\/li>\n<li class=\"\" data-start=\"843\" data-end=\"917\">\n<p class=\"\" data-start=\"845\" data-end=\"917\"><strong data-start=\"845\" data-end=\"855\">Apaise<\/strong> les picotements et laisse la peau <strong data-start=\"890\" data-end=\"915\">souple et confortable<\/strong><\/p>\n<\/li>\n<li class=\"\" data-start=\"918\" data-end=\"975\">\n<p class=\"\" data-start=\"920\" data-end=\"975\"><strong data-start=\"920\" data-end=\"933\">Humectant<\/strong> : aide \u00e0 retenir l\u2019humidit\u00e9 sur la peau<\/p>\n<\/li>\n<\/ul>\n<p class=\"\" data-start=\"977\" data-end=\"1131\"><strong data-start=\"977\" data-end=\"1001\">Composition active :<\/strong><br data-start=\"1001\" data-end=\"1004\" \/>Eau purifi\u00e9e, extrait d\u2019ylang-ylang, eucalyptus, benjoin, santal, lanoline, sodium chloride, EDTA, m\u00e9thylchloroisothiazolinone.<\/p>\n<p class=\"\" data-start=\"1133\" data-end=\"1288\"><strong data-start=\"1133\" data-end=\"1152\">Mode d\u2019emploi :<\/strong><br data-start=\"1152\" data-end=\"1155\" \/>Appliquer sur peau mouill\u00e9e, faire mousser sur le corps et le visage, puis rincer abondamment.<br data-start=\"1249\" data-end=\"1252\" \/><strong data-start=\"1252\" data-end=\"1288\">\u00c9viter le contact avec les yeux.<\/strong><\/p>\n","protected":false},"excerpt":{"rendered":"<p>Offrez \u00e0 votre peau un moment de douceur et de bien-\u00eatre avec le Gel de Douche Hydratant JUAN. Utilisable comme gel de douche, bain moussant ou gel de bain, il nettoie d\u00e9licatement tout en pr\u00e9servant le film hydrolipidique naturel de la peau. Sa formule enrichie en extraits d\u2019ylang-ylang, eucalyptus, benjoin et santal apporte une sensation [&hellip;]<\/p>\n","protected":false},"featured_media":48439,"comment_status":"open","ping_status":"closed","template":"","meta":[],"product_brand":[163],"product_cat":[165,170],"product_tag":[],"class_list":{"0":"post-48438","1":"product","2":"type-product","3":"status-publish","4":"has-post-thumbnail","6":"product_brand-promo","7":"product_cat-produits-pour-visage","8":"product_cat-soins-hydratant","11":"first","12":"instock","13":"shipping-taxable","14":"purchasable","15":"product-type-simple"},"_links":{"self":[{"href":"https:\/\/hyllancompany.com\/index.php\/wp-json\/wp\/v2\/product\/48438","targetHints":{"allow":["GET"]}}],"collection":[{"href":"https:\/\/hyllancompany.com\/index.php\/wp-json\/wp\/v2\/product"}],"about":[{"href":"https:\/\/hyllancompany.com\/index.php\/wp-json\/wp\/v2\/types\/product"}],"replies":[{"embeddable":true,"href":"https:\/\/hyllancompany.com\/index.php\/wp-json\/wp\/v2\/comments?post=48438"}],"version-history":[{"count":1,"href":"https:\/\/hyllancompany.com\/index.php\/wp-json\/wp\/v2\/product\/48438\/revisions"}],"predecessor-version":[{"id":48440,"href":"https:\/\/hyllancompany.com\/index.php\/wp-json\/wp\/v2\/product\/48438\/revisions\/48440"}],"wp:featuredmedia":[{"embeddable":true,"href":"https:\/\/hyllancompany.com\/index.php\/wp-json\/wp\/v2\/media\/48439"}],"wp:attachment":[{"href":"https:\/\/hyllancompany.com\/index.php\/wp-json\/wp\/v2\/media?parent=48438"}],"wp:term":[{"taxonomy":"product_brand","embeddable":true,"href":"https:\/\/hyllancompany.com\/index.php\/wp-json\/wp\/v2\/product_brand?post=48438"},{"taxonomy":"product_cat","embeddable":true,"href":"https:\/\/hyllancompany.com\/index.php\/wp-json\/wp\/v2\/product_cat?post=48438"},{"taxonomy":"product_tag","embeddable":true,"href":"https:\/\/hyllancompany.com\/index.php\/wp-json\/wp\/v2\/product_tag?post=48438"}],"curies":[{"name":"wp","href":"https:\/\/api.w.org\/{rel}","templated":true}]}}