{"id":48496,"date":"2025-05-07T10:36:04","date_gmt":"2025-05-07T08:36:04","guid":{"rendered":"https:\/\/hyllancompany.com\/?post_type=product&#038;p=48496"},"modified":"2025-05-07T10:36:04","modified_gmt":"2025-05-07T08:36:04","slug":"shampooing-restructurant-juan-300-ml","status":"publish","type":"product","link":"https:\/\/hyllancompany.com\/index.php\/produit\/shampooing-restructurant-juan-300-ml\/","title":{"rendered":"Shampooing Restructurant Juan \u2013 300 ml"},"content":{"rendered":"<p class=\"\" data-start=\"146\" data-end=\"564\">Offrez une nouvelle vie \u00e0 vos cheveux avec le <strong data-start=\"212\" data-end=\"245\">Shampooing Restructurant Juan<\/strong>. Sa formule enrichie en <strong data-start=\"270\" data-end=\"291\">extraits naturels<\/strong> (ylang-ylang, eucalyptus, r\u00e9glisse, busserole) et en <strong data-start=\"345\" data-end=\"381\">agents hydratants et fortifiants<\/strong> restructure la fibre capillaire de la racine jusqu\u2019aux pointes. Il laisse les cheveux <strong data-start=\"468\" data-end=\"512\">plus forts, brillants, souples et soyeux<\/strong>, tout en les prot\u00e9geant des agressions ext\u00e9rieures.<\/p>\n<p class=\"\" data-start=\"566\" data-end=\"590\"><strong data-start=\"566\" data-end=\"588\">Caract\u00e9ristiques :<\/strong><\/p>\n<ul data-start=\"591\" data-end=\"817\">\n<li class=\"\" data-start=\"591\" data-end=\"633\">\n<p class=\"\" data-start=\"593\" data-end=\"633\"><strong data-start=\"593\" data-end=\"605\">Renforce<\/strong> les cheveux en profondeur<\/p>\n<\/li>\n<li class=\"\" data-start=\"634\" data-end=\"676\">\n<p class=\"\" data-start=\"636\" data-end=\"676\">Apporte <strong data-start=\"644\" data-end=\"657\">brillance<\/strong> et <strong data-start=\"661\" data-end=\"674\">souplesse<\/strong><\/p>\n<\/li>\n<li class=\"\" data-start=\"677\" data-end=\"731\">\n<p class=\"\" data-start=\"679\" data-end=\"731\">Rend les cheveux <strong data-start=\"696\" data-end=\"715\">plus r\u00e9sistants<\/strong> et <strong data-start=\"719\" data-end=\"729\">soyeux<\/strong><\/p>\n<\/li>\n<li class=\"\" data-start=\"732\" data-end=\"786\">\n<p class=\"\" data-start=\"734\" data-end=\"786\">Nettoie efficacement sans agresser le cuir chevelu<\/p>\n<\/li>\n<li class=\"\" data-start=\"787\" data-end=\"817\">\n<p class=\"\" data-start=\"789\" data-end=\"817\">Convient \u00e0 un usage fr\u00e9quent<\/p>\n<\/li>\n<\/ul>\n<p class=\"\" data-start=\"819\" data-end=\"1000\"><strong data-start=\"819\" data-end=\"843\">Composition active :<\/strong><br data-start=\"843\" data-end=\"846\" \/>Eau purifi\u00e9e, extrait d\u2019ylang-ylang, eucalyptus, r\u00e9glisse, busserole, lanoline, sodium chloride (NaCl), acide citrique, EDTA, methylchloroisothiazolinone.<\/p>\n<p class=\"\" data-start=\"1002\" data-end=\"1181\"><strong data-start=\"1002\" data-end=\"1045\">Mode d\u2019emploi (\u00e0 ajouter si souhait\u00e9) :<\/strong><br data-start=\"1045\" data-end=\"1048\" \/>Appliquer sur cheveux mouill\u00e9s, masser d\u00e9licatement le cuir chevelu et les longueurs, puis rincer abondamment. R\u00e9p\u00e9ter si n\u00e9cessaire.<\/p>\n","protected":false},"excerpt":{"rendered":"<p>Offrez une nouvelle vie \u00e0 vos cheveux avec le Shampooing Restructurant Juan. Sa formule enrichie en extraits naturels (ylang-ylang, eucalyptus, r\u00e9glisse, busserole) et en agents hydratants et fortifiants restructure la fibre capillaire de la racine jusqu\u2019aux pointes. Il laisse les cheveux plus forts, brillants, souples et soyeux, tout en les prot\u00e9geant des agressions ext\u00e9rieures. Caract\u00e9ristiques [&hellip;]<\/p>\n","protected":false},"featured_media":48497,"comment_status":"open","ping_status":"closed","template":"","meta":[],"product_brand":[],"product_cat":[150,166],"product_tag":[],"class_list":{"0":"post-48496","1":"product","2":"type-product","3":"status-publish","4":"has-post-thumbnail","6":"product_cat-arrivage","7":"product_cat-soin-capillaire","10":"first","11":"instock","12":"shipping-taxable","13":"product-type-simple"},"_links":{"self":[{"href":"https:\/\/hyllancompany.com\/index.php\/wp-json\/wp\/v2\/product\/48496","targetHints":{"allow":["GET"]}}],"collection":[{"href":"https:\/\/hyllancompany.com\/index.php\/wp-json\/wp\/v2\/product"}],"about":[{"href":"https:\/\/hyllancompany.com\/index.php\/wp-json\/wp\/v2\/types\/product"}],"replies":[{"embeddable":true,"href":"https:\/\/hyllancompany.com\/index.php\/wp-json\/wp\/v2\/comments?post=48496"}],"version-history":[{"count":1,"href":"https:\/\/hyllancompany.com\/index.php\/wp-json\/wp\/v2\/product\/48496\/revisions"}],"predecessor-version":[{"id":48498,"href":"https:\/\/hyllancompany.com\/index.php\/wp-json\/wp\/v2\/product\/48496\/revisions\/48498"}],"wp:featuredmedia":[{"embeddable":true,"href":"https:\/\/hyllancompany.com\/index.php\/wp-json\/wp\/v2\/media\/48497"}],"wp:attachment":[{"href":"https:\/\/hyllancompany.com\/index.php\/wp-json\/wp\/v2\/media?parent=48496"}],"wp:term":[{"taxonomy":"product_brand","embeddable":true,"href":"https:\/\/hyllancompany.com\/index.php\/wp-json\/wp\/v2\/product_brand?post=48496"},{"taxonomy":"product_cat","embeddable":true,"href":"https:\/\/hyllancompany.com\/index.php\/wp-json\/wp\/v2\/product_cat?post=48496"},{"taxonomy":"product_tag","embeddable":true,"href":"https:\/\/hyllancompany.com\/index.php\/wp-json\/wp\/v2\/product_tag?post=48496"}],"curies":[{"name":"wp","href":"https:\/\/api.w.org\/{rel}","templated":true}]}}