{"id":48601,"date":"2025-06-02T13:12:17","date_gmt":"2025-06-02T11:12:17","guid":{"rendered":"https:\/\/hyllancompany.com\/?post_type=product&#038;p=48601"},"modified":"2025-06-02T13:12:17","modified_gmt":"2025-06-02T11:12:17","slug":"creme-solaire","status":"publish","type":"product","link":"https:\/\/hyllancompany.com\/index.php\/produit\/creme-solaire\/","title":{"rendered":"Cr\u00e8me Solaire"},"content":{"rendered":"<p>Composition : water, butylene glycol, glycerin?ethylhexyl methoxycinnamate, caprylic\/capric triglyceride, erythritol, dimethicone, Punica granatum fruit extract, alcohols<\/p>\n<p>Mode d\u2019emploi Avant l\u2019exposition, appliquer une dose g\u00e9n\u00e9reuse et homog\u00e8ne pour bien couvrir la zone expos\u00e9e au soleil. Renouveler l\u2019application fr\u00e9quemment, surtout apr\u00e8s avoir transpir\u00e9, nag\u00e9 ou s\u2019\u00eatre essuy\u00e9.<\/p>\n<p>Caracteristique : Elle contient les antioxydants et la vitamine C qui aident \u00e0 lutter contre les contaminants environnementaux<\/p>\n<p>Prix : 2 500 FCFA<\/p>\n","protected":false},"excerpt":{"rendered":"<p>Composition : water, butylene glycol, glycerin?ethylhexyl methoxycinnamate, caprylic\/capric triglyceride, erythritol, dimethicone, Punica granatum fruit extract, alcohols Mode d\u2019emploi Avant l\u2019exposition, appliquer une dose g\u00e9n\u00e9reuse et homog\u00e8ne pour bien couvrir la zone expos\u00e9e au soleil. Renouveler l\u2019application fr\u00e9quemment, surtout apr\u00e8s avoir transpir\u00e9, nag\u00e9 ou s\u2019\u00eatre essuy\u00e9. Caracteristique : Elle contient les antioxydants et la vitamine C [&hellip;]<\/p>\n","protected":false},"featured_media":48602,"comment_status":"open","ping_status":"closed","template":"","meta":[],"product_brand":[],"product_cat":[172,160],"product_tag":[],"class_list":{"0":"post-48601","1":"product","2":"type-product","3":"status-publish","4":"has-post-thumbnail","6":"product_cat-filtre-solaire","7":"product_cat-produits-corporels","10":"first","11":"instock","12":"shipping-taxable","13":"purchasable","14":"product-type-simple"},"_links":{"self":[{"href":"https:\/\/hyllancompany.com\/index.php\/wp-json\/wp\/v2\/product\/48601","targetHints":{"allow":["GET"]}}],"collection":[{"href":"https:\/\/hyllancompany.com\/index.php\/wp-json\/wp\/v2\/product"}],"about":[{"href":"https:\/\/hyllancompany.com\/index.php\/wp-json\/wp\/v2\/types\/product"}],"replies":[{"embeddable":true,"href":"https:\/\/hyllancompany.com\/index.php\/wp-json\/wp\/v2\/comments?post=48601"}],"version-history":[{"count":1,"href":"https:\/\/hyllancompany.com\/index.php\/wp-json\/wp\/v2\/product\/48601\/revisions"}],"predecessor-version":[{"id":48603,"href":"https:\/\/hyllancompany.com\/index.php\/wp-json\/wp\/v2\/product\/48601\/revisions\/48603"}],"wp:featuredmedia":[{"embeddable":true,"href":"https:\/\/hyllancompany.com\/index.php\/wp-json\/wp\/v2\/media\/48602"}],"wp:attachment":[{"href":"https:\/\/hyllancompany.com\/index.php\/wp-json\/wp\/v2\/media?parent=48601"}],"wp:term":[{"taxonomy":"product_brand","embeddable":true,"href":"https:\/\/hyllancompany.com\/index.php\/wp-json\/wp\/v2\/product_brand?post=48601"},{"taxonomy":"product_cat","embeddable":true,"href":"https:\/\/hyllancompany.com\/index.php\/wp-json\/wp\/v2\/product_cat?post=48601"},{"taxonomy":"product_tag","embeddable":true,"href":"https:\/\/hyllancompany.com\/index.php\/wp-json\/wp\/v2\/product_tag?post=48601"}],"curies":[{"name":"wp","href":"https:\/\/api.w.org\/{rel}","templated":true}]}}