{"id":48604,"date":"2025-06-02T13:19:43","date_gmt":"2025-06-02T11:19:43","guid":{"rendered":"https:\/\/hyllancompany.com\/?post_type=product&#038;p=48604"},"modified":"2025-06-02T13:34:42","modified_gmt":"2025-06-02T11:34:42","slug":"gel-de-douche-eclaircissant-juan","status":"publish","type":"product","link":"https:\/\/hyllancompany.com\/index.php\/produit\/gel-de-douche-eclaircissant-juan\/","title":{"rendered":"Gel de douche \u00e9claircissant Juan"},"content":{"rendered":"<p>Conditionnement : 300 ml<\/p>\n<p>Description : D\u2019un parfum revigorant, plonger dans la nature gr\u00e2ce \u00e0 sa formule faites \u00e0 base de busserole Pour l&#8217;\u00e9quilibre de votre teint<\/p>\n<p>Composition : Eau, Huile d\u2019avocat, huile de palme, surfactant, alcool c\u00e9tylique, tocoph\u00e9rol, g\u00e9raniol, acide kojique, extrait de busserole, Vitamine B5, s\u00e9bo-r\u00e9gulateur, parfum.<\/p>\n<p>Mode d\u2019emploi : S\u2019utilise en gel de douche sur le corps et visage Eviter le contact avec les yeux Caracteristique R\u00e9gule les secr\u00e9tions s\u00e9borrh\u00e9es et sudoripares Apporte l\u2019\u00e9clat intensif \u00e0 votre peau et \u00e9limine les taches pigmentaires<\/p>\n<p>Prix : 1 500 FCFA<\/p>\n","protected":false},"excerpt":{"rendered":"<p>Conditionnement : 300 ml Description : D\u2019un parfum revigorant, plonger dans la nature gr\u00e2ce \u00e0 sa formule faites \u00e0 base de busserole Pour l&#8217;\u00e9quilibre de votre teint Composition : Eau, Huile d\u2019avocat, huile de palme, surfactant, alcool c\u00e9tylique, tocoph\u00e9rol, g\u00e9raniol, acide kojique, extrait de busserole, Vitamine B5, s\u00e9bo-r\u00e9gulateur, parfum. Mode d\u2019emploi : S\u2019utilise en gel [&hellip;]<\/p>\n","protected":false},"featured_media":48605,"comment_status":"open","ping_status":"closed","template":"","meta":[],"product_brand":[],"product_cat":[173,160],"product_tag":[],"class_list":{"0":"post-48604","1":"product","2":"type-product","3":"status-publish","4":"has-post-thumbnail","6":"product_cat-douche","7":"product_cat-produits-corporels","10":"first","11":"instock","12":"shipping-taxable","13":"purchasable","14":"product-type-simple"},"_links":{"self":[{"href":"https:\/\/hyllancompany.com\/index.php\/wp-json\/wp\/v2\/product\/48604","targetHints":{"allow":["GET"]}}],"collection":[{"href":"https:\/\/hyllancompany.com\/index.php\/wp-json\/wp\/v2\/product"}],"about":[{"href":"https:\/\/hyllancompany.com\/index.php\/wp-json\/wp\/v2\/types\/product"}],"replies":[{"embeddable":true,"href":"https:\/\/hyllancompany.com\/index.php\/wp-json\/wp\/v2\/comments?post=48604"}],"version-history":[{"count":1,"href":"https:\/\/hyllancompany.com\/index.php\/wp-json\/wp\/v2\/product\/48604\/revisions"}],"predecessor-version":[{"id":48606,"href":"https:\/\/hyllancompany.com\/index.php\/wp-json\/wp\/v2\/product\/48604\/revisions\/48606"}],"wp:featuredmedia":[{"embeddable":true,"href":"https:\/\/hyllancompany.com\/index.php\/wp-json\/wp\/v2\/media\/48605"}],"wp:attachment":[{"href":"https:\/\/hyllancompany.com\/index.php\/wp-json\/wp\/v2\/media?parent=48604"}],"wp:term":[{"taxonomy":"product_brand","embeddable":true,"href":"https:\/\/hyllancompany.com\/index.php\/wp-json\/wp\/v2\/product_brand?post=48604"},{"taxonomy":"product_cat","embeddable":true,"href":"https:\/\/hyllancompany.com\/index.php\/wp-json\/wp\/v2\/product_cat?post=48604"},{"taxonomy":"product_tag","embeddable":true,"href":"https:\/\/hyllancompany.com\/index.php\/wp-json\/wp\/v2\/product_tag?post=48604"}],"curies":[{"name":"wp","href":"https:\/\/api.w.org\/{rel}","templated":true}]}}