{"id":48607,"date":"2025-06-02T13:24:37","date_gmt":"2025-06-02T11:24:37","guid":{"rendered":"https:\/\/hyllancompany.com\/?post_type=product&#038;p=48607"},"modified":"2025-06-02T13:37:12","modified_gmt":"2025-06-02T11:37:12","slug":"gel-de-douche-hydratant-juan","status":"publish","type":"product","link":"https:\/\/hyllancompany.com\/index.php\/produit\/gel-de-douche-hydratant-juan\/","title":{"rendered":"Gel de douche Hydratant JUAN"},"content":{"rendered":"<p>Conditionnement : 100ml<\/p>\n<p>Description : protection contre les dommages caus\u00e9s par le soleil<\/p>\n<p>Conditionnement : 500ml Description S\u2019utilise comme gel de bain, bain moussant et gel de douche Composition methylchloroisothiazolinone, purified water Soduim choride, EDTA, Ianolin, extrait ylang-ylang, eucalypus, benjoin and santal<\/p>\n<p>Mode d\u2019emploi : S\u2019utilise en gel de douche sur le corps et visage Eviter le contact avec les yeux<\/p>\n<p>Caracteristique : Nettoyant, ce soin lave d\u00e9licatement la peau Bouclier protecteur pr\u00e9serve le lm hydrolipidique de la peau Anti-irritant prot\u00e8ge l\u2019\u00e9piderme gr\u00e2ce \u00e0 sa formule hypoallerg\u00e9nique. Apaisant att\u00e9nue les sensations de picotements et adoucit la peau gr\u00e2ce \u00e0 la vitamine B5. Humectant retient l\u2019humidit\u00e9 sur la peau<\/p>\n<p>Prix : 2 000 FCFA<\/p>\n","protected":false},"excerpt":{"rendered":"<p>Conditionnement : 100ml Description : protection contre les dommages caus\u00e9s par le soleil Conditionnement : 500ml Description S\u2019utilise comme gel de bain, bain moussant et gel de douche Composition methylchloroisothiazolinone, purified water Soduim choride, EDTA, Ianolin, extrait ylang-ylang, eucalypus, benjoin and santal Mode d\u2019emploi : S\u2019utilise en gel de douche sur le corps et visage [&hellip;]<\/p>\n","protected":false},"featured_media":48617,"comment_status":"open","ping_status":"closed","template":"","meta":[],"product_brand":[],"product_cat":[173,160],"product_tag":[],"class_list":{"0":"post-48607","1":"product","2":"type-product","3":"status-publish","4":"has-post-thumbnail","6":"product_cat-douche","7":"product_cat-produits-corporels","10":"first","11":"instock","12":"shipping-taxable","13":"purchasable","14":"product-type-simple"},"_links":{"self":[{"href":"https:\/\/hyllancompany.com\/index.php\/wp-json\/wp\/v2\/product\/48607","targetHints":{"allow":["GET"]}}],"collection":[{"href":"https:\/\/hyllancompany.com\/index.php\/wp-json\/wp\/v2\/product"}],"about":[{"href":"https:\/\/hyllancompany.com\/index.php\/wp-json\/wp\/v2\/types\/product"}],"replies":[{"embeddable":true,"href":"https:\/\/hyllancompany.com\/index.php\/wp-json\/wp\/v2\/comments?post=48607"}],"version-history":[{"count":1,"href":"https:\/\/hyllancompany.com\/index.php\/wp-json\/wp\/v2\/product\/48607\/revisions"}],"predecessor-version":[{"id":48609,"href":"https:\/\/hyllancompany.com\/index.php\/wp-json\/wp\/v2\/product\/48607\/revisions\/48609"}],"wp:featuredmedia":[{"embeddable":true,"href":"https:\/\/hyllancompany.com\/index.php\/wp-json\/wp\/v2\/media\/48617"}],"wp:attachment":[{"href":"https:\/\/hyllancompany.com\/index.php\/wp-json\/wp\/v2\/media?parent=48607"}],"wp:term":[{"taxonomy":"product_brand","embeddable":true,"href":"https:\/\/hyllancompany.com\/index.php\/wp-json\/wp\/v2\/product_brand?post=48607"},{"taxonomy":"product_cat","embeddable":true,"href":"https:\/\/hyllancompany.com\/index.php\/wp-json\/wp\/v2\/product_cat?post=48607"},{"taxonomy":"product_tag","embeddable":true,"href":"https:\/\/hyllancompany.com\/index.php\/wp-json\/wp\/v2\/product_tag?post=48607"}],"curies":[{"name":"wp","href":"https:\/\/api.w.org\/{rel}","templated":true}]}}