{"id":48613,"date":"2025-06-02T13:32:56","date_gmt":"2025-06-02T11:32:56","guid":{"rendered":"https:\/\/hyllancompany.com\/?post_type=product&#038;p=48613"},"modified":"2025-06-02T13:33:07","modified_gmt":"2025-06-02T11:33:07","slug":"savon-marocain-eclaircissant","status":"publish","type":"product","link":"https:\/\/hyllancompany.com\/index.php\/produit\/savon-marocain-eclaircissant\/","title":{"rendered":"Savon marocain \u00e9claircissant"},"content":{"rendered":"<p>Conditionnement : 300ml<\/p>\n<p>Description : purifie la peau,gomme, nettoie en profondeur<\/p>\n<p>Composition : olive noire broy\u00e9e Mode d\u2019emploi Appliquez le savon noir marocain sur tout le corps, laissez agir quelques minutes, rincez puis exfoliez avec le gant<\/p>\n<p>Caracteristique : laisse la peau douce, affine le grain de la peau et favorise une belle peau en g\u00e9n\u00e9ral (\u00e9limine les boutons d\u2019acn\u00e9 et de chaleur)<\/p>\n<p>Prix : 2 500 FCFA<\/p>\n","protected":false},"excerpt":{"rendered":"<p>Conditionnement : 300ml Description : purifie la peau,gomme, nettoie en profondeur Composition : olive noire broy\u00e9e Mode d\u2019emploi Appliquez le savon noir marocain sur tout le corps, laissez agir quelques minutes, rincez puis exfoliez avec le gant Caracteristique : laisse la peau douce, affine le grain de la peau et favorise une belle peau en [&hellip;]<\/p>\n","protected":false},"featured_media":48614,"comment_status":"open","ping_status":"closed","template":"","meta":[],"product_brand":[],"product_cat":[173,160],"product_tag":[],"class_list":{"0":"post-48613","1":"product","2":"type-product","3":"status-publish","4":"has-post-thumbnail","6":"product_cat-douche","7":"product_cat-produits-corporels","10":"first","11":"instock","12":"shipping-taxable","13":"purchasable","14":"product-type-simple"},"_links":{"self":[{"href":"https:\/\/hyllancompany.com\/index.php\/wp-json\/wp\/v2\/product\/48613","targetHints":{"allow":["GET"]}}],"collection":[{"href":"https:\/\/hyllancompany.com\/index.php\/wp-json\/wp\/v2\/product"}],"about":[{"href":"https:\/\/hyllancompany.com\/index.php\/wp-json\/wp\/v2\/types\/product"}],"replies":[{"embeddable":true,"href":"https:\/\/hyllancompany.com\/index.php\/wp-json\/wp\/v2\/comments?post=48613"}],"version-history":[{"count":1,"href":"https:\/\/hyllancompany.com\/index.php\/wp-json\/wp\/v2\/product\/48613\/revisions"}],"predecessor-version":[{"id":48615,"href":"https:\/\/hyllancompany.com\/index.php\/wp-json\/wp\/v2\/product\/48613\/revisions\/48615"}],"wp:featuredmedia":[{"embeddable":true,"href":"https:\/\/hyllancompany.com\/index.php\/wp-json\/wp\/v2\/media\/48614"}],"wp:attachment":[{"href":"https:\/\/hyllancompany.com\/index.php\/wp-json\/wp\/v2\/media?parent=48613"}],"wp:term":[{"taxonomy":"product_brand","embeddable":true,"href":"https:\/\/hyllancompany.com\/index.php\/wp-json\/wp\/v2\/product_brand?post=48613"},{"taxonomy":"product_cat","embeddable":true,"href":"https:\/\/hyllancompany.com\/index.php\/wp-json\/wp\/v2\/product_cat?post=48613"},{"taxonomy":"product_tag","embeddable":true,"href":"https:\/\/hyllancompany.com\/index.php\/wp-json\/wp\/v2\/product_tag?post=48613"}],"curies":[{"name":"wp","href":"https:\/\/api.w.org\/{rel}","templated":true}]}}