{"id":48618,"date":"2025-06-02T13:42:18","date_gmt":"2025-06-02T11:42:18","guid":{"rendered":"https:\/\/hyllancompany.com\/?post_type=product&#038;p=48618"},"modified":"2025-06-02T13:42:18","modified_gmt":"2025-06-02T11:42:18","slug":"lotion-juan-eclaircissante-a-la-verveine","status":"publish","type":"product","link":"https:\/\/hyllancompany.com\/index.php\/produit\/lotion-juan-eclaircissante-a-la-verveine\/","title":{"rendered":"Lotion juan \u00e9claircissante \u00e0 la verveine"},"content":{"rendered":"<p>Conditionnement : 60 ml<\/p>\n<p>Description : Lotion visage et corps, formul\u00e9s \u00e0 base des ingr\u00e9dients actifs d\u2019origine v\u00e9g\u00e9tales (extrait de la verveine, buss\u00e9role et persil ) pour l\u2019\u00e9clat de votre peau. Avec un soucis constant de puret\u00e9 et d\u2019hygi\u00e8ne&#8230; vos t\u00e2ches s\u2019estompent, votre peau reste lisse et ferme. Votre teint s\u2019\u00e9claircit<\/p>\n<p>Composition : Agent photo protecteur organique, extrait de verveine, extrait de busserole, extrait de persil,<\/p>\n<p>Mode d\u2019emploi : Appliquer \u00e0 l\u2019aide d\u2019un coton matin et soir apr\u00e8s votre toilette ou diluez dans votre lait de toilette Recommandation Hyperpigmentation localis\u00e9e par hyperactivit\u00e9 et prolif\u00e9ration m\u00e9lanocytaire b\u00e9nigne, telles que les t\u00e2ches pigmentaires au niveau des pieds ou du dos des doigts. Hyperpigmentation due \u00e0 la photo sensibilisation. Lifting de la peau et du visage. Pouvoir \u00e9claircissant extr\u00eame&#8230;<\/p>\n<p>Caracteristique : R\u00e9pare les d\u00e9sordres pigmentaires, \u00e9claircit uniform\u00e9ment, traite les cicatrices d\u2019acn\u00e9s et boutons<\/p>\n<p>Prix : 1 500 FCFA<\/p>\n","protected":false},"excerpt":{"rendered":"<p>Conditionnement : 60 ml Description : Lotion visage et corps, formul\u00e9s \u00e0 base des ingr\u00e9dients actifs d\u2019origine v\u00e9g\u00e9tales (extrait de la verveine, buss\u00e9role et persil ) pour l\u2019\u00e9clat de votre peau. Avec un soucis constant de puret\u00e9 et d\u2019hygi\u00e8ne&#8230; vos t\u00e2ches s\u2019estompent, votre peau reste lisse et ferme. Votre teint s\u2019\u00e9claircit Composition : Agent photo [&hellip;]<\/p>\n","protected":false},"featured_media":48619,"comment_status":"open","ping_status":"closed","template":"","meta":[],"product_brand":[],"product_cat":[160,174],"product_tag":[],"class_list":{"0":"post-48618","1":"product","2":"type-product","3":"status-publish","4":"has-post-thumbnail","6":"product_cat-produits-corporels","7":"product_cat-soins-des-pieds","10":"first","11":"instock","12":"shipping-taxable","13":"purchasable","14":"product-type-simple"},"_links":{"self":[{"href":"https:\/\/hyllancompany.com\/index.php\/wp-json\/wp\/v2\/product\/48618","targetHints":{"allow":["GET"]}}],"collection":[{"href":"https:\/\/hyllancompany.com\/index.php\/wp-json\/wp\/v2\/product"}],"about":[{"href":"https:\/\/hyllancompany.com\/index.php\/wp-json\/wp\/v2\/types\/product"}],"replies":[{"embeddable":true,"href":"https:\/\/hyllancompany.com\/index.php\/wp-json\/wp\/v2\/comments?post=48618"}],"version-history":[{"count":1,"href":"https:\/\/hyllancompany.com\/index.php\/wp-json\/wp\/v2\/product\/48618\/revisions"}],"predecessor-version":[{"id":48620,"href":"https:\/\/hyllancompany.com\/index.php\/wp-json\/wp\/v2\/product\/48618\/revisions\/48620"}],"wp:featuredmedia":[{"embeddable":true,"href":"https:\/\/hyllancompany.com\/index.php\/wp-json\/wp\/v2\/media\/48619"}],"wp:attachment":[{"href":"https:\/\/hyllancompany.com\/index.php\/wp-json\/wp\/v2\/media?parent=48618"}],"wp:term":[{"taxonomy":"product_brand","embeddable":true,"href":"https:\/\/hyllancompany.com\/index.php\/wp-json\/wp\/v2\/product_brand?post=48618"},{"taxonomy":"product_cat","embeddable":true,"href":"https:\/\/hyllancompany.com\/index.php\/wp-json\/wp\/v2\/product_cat?post=48618"},{"taxonomy":"product_tag","embeddable":true,"href":"https:\/\/hyllancompany.com\/index.php\/wp-json\/wp\/v2\/product_tag?post=48618"}],"curies":[{"name":"wp","href":"https:\/\/api.w.org\/{rel}","templated":true}]}}