{"id":48621,"date":"2025-06-02T13:45:59","date_gmt":"2025-06-02T11:45:59","guid":{"rendered":"https:\/\/hyllancompany.com\/?post_type=product&#038;p=48621"},"modified":"2025-06-02T13:45:59","modified_gmt":"2025-06-02T11:45:59","slug":"antofongique-lolita","status":"publish","type":"product","link":"https:\/\/hyllancompany.com\/index.php\/produit\/antofongique-lolita\/","title":{"rendered":"Antofongique Lolita"},"content":{"rendered":"<p>Conditionnement : 30 ml<\/p>\n<p>Composition : Eau, fer, cuivre, zinc, mangan\u00e8se, bore, s\u00e9l\u00e9nium.<\/p>\n<p>Caracteristique : Lutte contre les furoncles, mycoses, dermatophytes, cors, fotifie les ongles, lutte contre les \u00e9pith\u00e9liomas du dos des doigts et orteils<\/p>\n<p>Prix : 1 500 FCFA<\/p>\n","protected":false},"excerpt":{"rendered":"<p>Conditionnement : 30 ml Composition : Eau, fer, cuivre, zinc, mangan\u00e8se, bore, s\u00e9l\u00e9nium. Caracteristique : Lutte contre les furoncles, mycoses, dermatophytes, cors, fotifie les ongles, lutte contre les \u00e9pith\u00e9liomas du dos des doigts et orteils Prix : 1 500 FCFA<\/p>\n","protected":false},"featured_media":48622,"comment_status":"open","ping_status":"closed","template":"","meta":[],"product_brand":[],"product_cat":[160,174],"product_tag":[],"class_list":{"0":"post-48621","1":"product","2":"type-product","3":"status-publish","4":"has-post-thumbnail","6":"product_cat-produits-corporels","7":"product_cat-soins-des-pieds","10":"first","11":"instock","12":"shipping-taxable","13":"purchasable","14":"product-type-simple"},"_links":{"self":[{"href":"https:\/\/hyllancompany.com\/index.php\/wp-json\/wp\/v2\/product\/48621","targetHints":{"allow":["GET"]}}],"collection":[{"href":"https:\/\/hyllancompany.com\/index.php\/wp-json\/wp\/v2\/product"}],"about":[{"href":"https:\/\/hyllancompany.com\/index.php\/wp-json\/wp\/v2\/types\/product"}],"replies":[{"embeddable":true,"href":"https:\/\/hyllancompany.com\/index.php\/wp-json\/wp\/v2\/comments?post=48621"}],"version-history":[{"count":1,"href":"https:\/\/hyllancompany.com\/index.php\/wp-json\/wp\/v2\/product\/48621\/revisions"}],"predecessor-version":[{"id":48623,"href":"https:\/\/hyllancompany.com\/index.php\/wp-json\/wp\/v2\/product\/48621\/revisions\/48623"}],"wp:featuredmedia":[{"embeddable":true,"href":"https:\/\/hyllancompany.com\/index.php\/wp-json\/wp\/v2\/media\/48622"}],"wp:attachment":[{"href":"https:\/\/hyllancompany.com\/index.php\/wp-json\/wp\/v2\/media?parent=48621"}],"wp:term":[{"taxonomy":"product_brand","embeddable":true,"href":"https:\/\/hyllancompany.com\/index.php\/wp-json\/wp\/v2\/product_brand?post=48621"},{"taxonomy":"product_cat","embeddable":true,"href":"https:\/\/hyllancompany.com\/index.php\/wp-json\/wp\/v2\/product_cat?post=48621"},{"taxonomy":"product_tag","embeddable":true,"href":"https:\/\/hyllancompany.com\/index.php\/wp-json\/wp\/v2\/product_tag?post=48621"}],"curies":[{"name":"wp","href":"https:\/\/api.w.org\/{rel}","templated":true}]}}