{"id":48624,"date":"2025-06-02T14:07:17","date_gmt":"2025-06-02T12:07:17","guid":{"rendered":"https:\/\/hyllancompany.com\/?post_type=product&#038;p=48624"},"modified":"2025-06-02T14:07:17","modified_gmt":"2025-06-02T12:07:17","slug":"lait-de-toilette-baby-juan","status":"publish","type":"product","link":"https:\/\/hyllancompany.com\/index.php\/produit\/lait-de-toilette-baby-juan\/","title":{"rendered":"LAIT DE TOILETTE BABY JUAN"},"content":{"rendered":"<p>Conditionnement : 500ml<\/p>\n<p>Description : Le lait BABY JUAN apporte souplesse et confort \u00e0 la peau fragile du nourrisson et de l\u2019enfant. Con\u00e7u pour nettoyer en profondeur et restaurer l\u2019\u00e9quilibre physiologique de la peau du b\u00e9b\u00e9. Sa richesse en vitamine E lui permet de lutter \u00e9fficacement contre toutes agressions ext\u00e9rieures. Hypoallerg\u00e9nique.<\/p>\n<p>Composition : Purified water, avocado oil, Helianthus annuus seed oil, glycerin, carbomer, fragrance, caprylic\/capric triglyceride, sodium benzoate, glyceryl stearate, palmitic acid, stearic acid, triethanolamine, Vit E.<\/p>\n<p>Mode d\u2019emploi : Sur le visage et corps(s\u2019utilise sans rin\u00e7age) Recommandation Usage externe uniquement Tenir hors de port\u00e9e des enfants<\/p>\n<p>Caracteristique : NETTOIE -HYDRATE -PROTEGE<\/p>\n<p>Prix : 2 500<\/p>\n","protected":false},"excerpt":{"rendered":"<p>Conditionnement : 500ml Description : Le lait BABY JUAN apporte souplesse et confort \u00e0 la peau fragile du nourrisson et de l\u2019enfant. Con\u00e7u pour nettoyer en profondeur et restaurer l\u2019\u00e9quilibre physiologique de la peau du b\u00e9b\u00e9. Sa richesse en vitamine E lui permet de lutter \u00e9fficacement contre toutes agressions ext\u00e9rieures. Hypoallerg\u00e9nique. Composition : Purified water, [&hellip;]<\/p>\n","protected":false},"featured_media":48625,"comment_status":"open","ping_status":"closed","template":"","meta":[],"product_brand":[],"product_cat":[175,164],"product_tag":[],"class_list":{"0":"post-48624","1":"product","2":"type-product","3":"status-publish","4":"has-post-thumbnail","6":"product_cat-corps","7":"product_cat-produit-pour-bebe","10":"first","11":"instock","12":"shipping-taxable","13":"purchasable","14":"product-type-simple"},"_links":{"self":[{"href":"https:\/\/hyllancompany.com\/index.php\/wp-json\/wp\/v2\/product\/48624","targetHints":{"allow":["GET"]}}],"collection":[{"href":"https:\/\/hyllancompany.com\/index.php\/wp-json\/wp\/v2\/product"}],"about":[{"href":"https:\/\/hyllancompany.com\/index.php\/wp-json\/wp\/v2\/types\/product"}],"replies":[{"embeddable":true,"href":"https:\/\/hyllancompany.com\/index.php\/wp-json\/wp\/v2\/comments?post=48624"}],"version-history":[{"count":1,"href":"https:\/\/hyllancompany.com\/index.php\/wp-json\/wp\/v2\/product\/48624\/revisions"}],"predecessor-version":[{"id":48626,"href":"https:\/\/hyllancompany.com\/index.php\/wp-json\/wp\/v2\/product\/48624\/revisions\/48626"}],"wp:featuredmedia":[{"embeddable":true,"href":"https:\/\/hyllancompany.com\/index.php\/wp-json\/wp\/v2\/media\/48625"}],"wp:attachment":[{"href":"https:\/\/hyllancompany.com\/index.php\/wp-json\/wp\/v2\/media?parent=48624"}],"wp:term":[{"taxonomy":"product_brand","embeddable":true,"href":"https:\/\/hyllancompany.com\/index.php\/wp-json\/wp\/v2\/product_brand?post=48624"},{"taxonomy":"product_cat","embeddable":true,"href":"https:\/\/hyllancompany.com\/index.php\/wp-json\/wp\/v2\/product_cat?post=48624"},{"taxonomy":"product_tag","embeddable":true,"href":"https:\/\/hyllancompany.com\/index.php\/wp-json\/wp\/v2\/product_tag?post=48624"}],"curies":[{"name":"wp","href":"https:\/\/api.w.org\/{rel}","templated":true}]}}