{"id":48627,"date":"2025-06-02T14:10:12","date_gmt":"2025-06-02T12:10:12","guid":{"rendered":"https:\/\/hyllancompany.com\/?post_type=product&#038;p=48627"},"modified":"2025-06-02T14:10:12","modified_gmt":"2025-06-02T12:10:12","slug":"lait-corporel","status":"publish","type":"product","link":"https:\/\/hyllancompany.com\/index.php\/produit\/lait-corporel\/","title":{"rendered":"LAIT CORPOREL"},"content":{"rendered":"<p>Conditionnement : 500 ml<\/p>\n<p>Description : Le lait BABY JUAN apporte souplesse et confort \u00e0 la peau fragile des b\u00e9b\u00e9s. Con\u00e7u pour nettoyer en profondeur et r\u00e9tablir l&#8217;\u00e9quilibre physiologique de la peau de b\u00e9b\u00e9. Sa richesse en vitamine E lui permet de lutter efficacement contre toutes les agressions ext\u00e9rieures. Hypoallerg\u00e9nique.<\/p>\n<p>Composition : Eau purifi\u00e9e, huile d&#8217;avocat, huile de graines d&#8217;Helianthus annuus, glyc\u00e9rine, carbom\u00e8re, parfum, triglyc\u00e9ride caprylique\/caprique, benzoate de sodium, st\u00e9arate de glyc\u00e9ryle, acide palmitique, acide st\u00e9arique, tri\u00e9thanolamine, vitamine E.<\/p>\n<p>Mode d&#8217;emploi : peut \u00eatre utilis\u00e9 sans rin\u00e7age Recommandation Usage externe uniquement Tenir hors de port\u00e9e des enfants<\/p>\n<p>Caract\u00e9ristiques : NETTOYER -HYDRATER -PROT\u00c9GER<\/p>\n<p>Prix : 2 500 FCFA<\/p>\n","protected":false},"excerpt":{"rendered":"<p>Conditionnement : 500 ml Description : Le lait BABY JUAN apporte souplesse et confort \u00e0 la peau fragile des b\u00e9b\u00e9s. Con\u00e7u pour nettoyer en profondeur et r\u00e9tablir l&#8217;\u00e9quilibre physiologique de la peau de b\u00e9b\u00e9. Sa richesse en vitamine E lui permet de lutter efficacement contre toutes les agressions ext\u00e9rieures. Hypoallerg\u00e9nique. Composition : Eau purifi\u00e9e, huile [&hellip;]<\/p>\n","protected":false},"featured_media":48628,"comment_status":"open","ping_status":"closed","template":"","meta":[],"product_brand":[],"product_cat":[175,164],"product_tag":[],"class_list":{"0":"post-48627","1":"product","2":"type-product","3":"status-publish","4":"has-post-thumbnail","6":"product_cat-corps","7":"product_cat-produit-pour-bebe","10":"first","11":"instock","12":"shipping-taxable","13":"purchasable","14":"product-type-simple"},"_links":{"self":[{"href":"https:\/\/hyllancompany.com\/index.php\/wp-json\/wp\/v2\/product\/48627","targetHints":{"allow":["GET"]}}],"collection":[{"href":"https:\/\/hyllancompany.com\/index.php\/wp-json\/wp\/v2\/product"}],"about":[{"href":"https:\/\/hyllancompany.com\/index.php\/wp-json\/wp\/v2\/types\/product"}],"replies":[{"embeddable":true,"href":"https:\/\/hyllancompany.com\/index.php\/wp-json\/wp\/v2\/comments?post=48627"}],"version-history":[{"count":1,"href":"https:\/\/hyllancompany.com\/index.php\/wp-json\/wp\/v2\/product\/48627\/revisions"}],"predecessor-version":[{"id":48629,"href":"https:\/\/hyllancompany.com\/index.php\/wp-json\/wp\/v2\/product\/48627\/revisions\/48629"}],"wp:featuredmedia":[{"embeddable":true,"href":"https:\/\/hyllancompany.com\/index.php\/wp-json\/wp\/v2\/media\/48628"}],"wp:attachment":[{"href":"https:\/\/hyllancompany.com\/index.php\/wp-json\/wp\/v2\/media?parent=48627"}],"wp:term":[{"taxonomy":"product_brand","embeddable":true,"href":"https:\/\/hyllancompany.com\/index.php\/wp-json\/wp\/v2\/product_brand?post=48627"},{"taxonomy":"product_cat","embeddable":true,"href":"https:\/\/hyllancompany.com\/index.php\/wp-json\/wp\/v2\/product_cat?post=48627"},{"taxonomy":"product_tag","embeddable":true,"href":"https:\/\/hyllancompany.com\/index.php\/wp-json\/wp\/v2\/product_tag?post=48627"}],"curies":[{"name":"wp","href":"https:\/\/api.w.org\/{rel}","templated":true}]}}