{"id":48630,"date":"2025-06-02T14:14:02","date_gmt":"2025-06-02T12:14:02","guid":{"rendered":"https:\/\/hyllancompany.com\/?post_type=product&#038;p=48630"},"modified":"2025-06-02T14:14:50","modified_gmt":"2025-06-02T12:14:50","slug":"savon-baby-juan","status":"publish","type":"product","link":"https:\/\/hyllancompany.com\/index.php\/produit\/savon-baby-juan\/","title":{"rendered":"SAVON BABY JUAN"},"content":{"rendered":"<p>Conditionnement : 240g<\/p>\n<p>Description : Il nettoie la peau de votre b\u00e9b\u00e9 en douceur tout en la pr\u00e9servant du dess\u00e8chement car il contient un pourcentage plus \u00e9lev\u00e9 d&#8217;huiles et de graisses que les savons traditionnels. Cela signifie qu\u2019il est plus doux pour la peau et moins susceptible de la dess\u00e9cher.<\/p>\n<p>Composition : Eau purifi\u00e9e, huile de palme, huile de coco, huile d&#8217;avocat, huile essentielle de Syzygium aromaticum, glyc\u00e9rine, huile essentielle de Cymbopogon citratus, hydroxyde de potassium, parfum, acide citrique<\/p>\n<p>Mode d\u2019emploi : Faites mousser sur la peau et le cuir chevelu pr\u00e9alablement mouill\u00e9s et rincez abondamment. puis s\u00e9cher \u00e0 l\u2019aide d\u2019une serviette. Recommandation \u00c9viter tout contact avec les yeux<\/p>\n<p>Caracteristique : NETTOIE -HYDRATE -PROTEGE<\/p>\n<p>Prix : 2 000 FCFA<\/p>\n","protected":false},"excerpt":{"rendered":"<p>Conditionnement : 240g Description : Il nettoie la peau de votre b\u00e9b\u00e9 en douceur tout en la pr\u00e9servant du dess\u00e8chement car il contient un pourcentage plus \u00e9lev\u00e9 d&#8217;huiles et de graisses que les savons traditionnels. Cela signifie qu\u2019il est plus doux pour la peau et moins susceptible de la dess\u00e9cher. Composition : Eau purifi\u00e9e, huile [&hellip;]<\/p>\n","protected":false},"featured_media":48631,"comment_status":"open","ping_status":"closed","template":"","meta":[],"product_brand":[],"product_cat":[175,15,164],"product_tag":[],"class_list":{"0":"post-48630","1":"product","2":"type-product","3":"status-publish","4":"has-post-thumbnail","6":"product_cat-corps","7":"product_cat-non-classe","8":"product_cat-produit-pour-bebe","11":"first","12":"instock","13":"shipping-taxable","14":"purchasable","15":"product-type-simple"},"_links":{"self":[{"href":"https:\/\/hyllancompany.com\/index.php\/wp-json\/wp\/v2\/product\/48630","targetHints":{"allow":["GET"]}}],"collection":[{"href":"https:\/\/hyllancompany.com\/index.php\/wp-json\/wp\/v2\/product"}],"about":[{"href":"https:\/\/hyllancompany.com\/index.php\/wp-json\/wp\/v2\/types\/product"}],"replies":[{"embeddable":true,"href":"https:\/\/hyllancompany.com\/index.php\/wp-json\/wp\/v2\/comments?post=48630"}],"version-history":[{"count":1,"href":"https:\/\/hyllancompany.com\/index.php\/wp-json\/wp\/v2\/product\/48630\/revisions"}],"predecessor-version":[{"id":48632,"href":"https:\/\/hyllancompany.com\/index.php\/wp-json\/wp\/v2\/product\/48630\/revisions\/48632"}],"wp:featuredmedia":[{"embeddable":true,"href":"https:\/\/hyllancompany.com\/index.php\/wp-json\/wp\/v2\/media\/48631"}],"wp:attachment":[{"href":"https:\/\/hyllancompany.com\/index.php\/wp-json\/wp\/v2\/media?parent=48630"}],"wp:term":[{"taxonomy":"product_brand","embeddable":true,"href":"https:\/\/hyllancompany.com\/index.php\/wp-json\/wp\/v2\/product_brand?post=48630"},{"taxonomy":"product_cat","embeddable":true,"href":"https:\/\/hyllancompany.com\/index.php\/wp-json\/wp\/v2\/product_cat?post=48630"},{"taxonomy":"product_tag","embeddable":true,"href":"https:\/\/hyllancompany.com\/index.php\/wp-json\/wp\/v2\/product_tag?post=48630"}],"curies":[{"name":"wp","href":"https:\/\/api.w.org\/{rel}","templated":true}]}}