{"id":48633,"date":"2025-06-02T14:18:37","date_gmt":"2025-06-02T12:18:37","guid":{"rendered":"https:\/\/hyllancompany.com\/?post_type=product&#038;p=48633"},"modified":"2025-06-02T14:18:37","modified_gmt":"2025-06-02T12:18:37","slug":"poudre-de-toilette-baby-juan","status":"publish","type":"product","link":"https:\/\/hyllancompany.com\/index.php\/produit\/poudre-de-toilette-baby-juan\/","title":{"rendered":"POUDRE DE TOILETTE BABY JUAN"},"content":{"rendered":"<p>Conditionnement : 200g<\/p>\n<p>Description : douce et l\u00e9g\u00e8re, id\u00e9ale pour prot\u00e9ger et absorber l&#8217;humidit\u00e9 sur la peau de b\u00e9b\u00e9 tout en r\u00e9duisant les effets de friction au niveau des intertrigos et des creux propil\u00e9s. Elle est formul\u00e9e avec des ingr\u00e9dients naturels et id\u00e9als pour la peau.<\/p>\n<p>Composition : Talc st\u00e9rilis\u00e9, parfum, extrait de Syzygium aromaticum, Extrait de Cymbopogon citratus, salicylate de benzyle<\/p>\n<p>Mode d\u2019emploi : Utilisez uniquement tel que pr\u00e9conis\u00e9. Pour usage externe uniquement. \u00c9viter tout contact avec les yeux Tenir \u00e0 l&#8217;\u00e9cart du nez et de la bouche de l&#8217;enfant. Recommandation \u00c9viter tout contact avec les yeux<\/p>\n<p>Caracteristique : NETTOIE -HYDRATE -PROTEGE<\/p>\n<p>Prix : 1 500 FCFA<\/p>\n","protected":false},"excerpt":{"rendered":"<p>Conditionnement : 200g Description : douce et l\u00e9g\u00e8re, id\u00e9ale pour prot\u00e9ger et absorber l&#8217;humidit\u00e9 sur la peau de b\u00e9b\u00e9 tout en r\u00e9duisant les effets de friction au niveau des intertrigos et des creux propil\u00e9s. Elle est formul\u00e9e avec des ingr\u00e9dients naturels et id\u00e9als pour la peau. Composition : Talc st\u00e9rilis\u00e9, parfum, extrait de Syzygium aromaticum, [&hellip;]<\/p>\n","protected":false},"featured_media":48634,"comment_status":"open","ping_status":"closed","template":"","meta":[],"product_brand":[],"product_cat":[175,164],"product_tag":[],"class_list":{"0":"post-48633","1":"product","2":"type-product","3":"status-publish","4":"has-post-thumbnail","6":"product_cat-corps","7":"product_cat-produit-pour-bebe","10":"first","11":"instock","12":"shipping-taxable","13":"purchasable","14":"product-type-simple"},"_links":{"self":[{"href":"https:\/\/hyllancompany.com\/index.php\/wp-json\/wp\/v2\/product\/48633","targetHints":{"allow":["GET"]}}],"collection":[{"href":"https:\/\/hyllancompany.com\/index.php\/wp-json\/wp\/v2\/product"}],"about":[{"href":"https:\/\/hyllancompany.com\/index.php\/wp-json\/wp\/v2\/types\/product"}],"replies":[{"embeddable":true,"href":"https:\/\/hyllancompany.com\/index.php\/wp-json\/wp\/v2\/comments?post=48633"}],"version-history":[{"count":1,"href":"https:\/\/hyllancompany.com\/index.php\/wp-json\/wp\/v2\/product\/48633\/revisions"}],"predecessor-version":[{"id":48635,"href":"https:\/\/hyllancompany.com\/index.php\/wp-json\/wp\/v2\/product\/48633\/revisions\/48635"}],"wp:featuredmedia":[{"embeddable":true,"href":"https:\/\/hyllancompany.com\/index.php\/wp-json\/wp\/v2\/media\/48634"}],"wp:attachment":[{"href":"https:\/\/hyllancompany.com\/index.php\/wp-json\/wp\/v2\/media?parent=48633"}],"wp:term":[{"taxonomy":"product_brand","embeddable":true,"href":"https:\/\/hyllancompany.com\/index.php\/wp-json\/wp\/v2\/product_brand?post=48633"},{"taxonomy":"product_cat","embeddable":true,"href":"https:\/\/hyllancompany.com\/index.php\/wp-json\/wp\/v2\/product_cat?post=48633"},{"taxonomy":"product_tag","embeddable":true,"href":"https:\/\/hyllancompany.com\/index.php\/wp-json\/wp\/v2\/product_tag?post=48633"}],"curies":[{"name":"wp","href":"https:\/\/api.w.org\/{rel}","templated":true}]}}