{"id":48642,"date":"2025-06-02T14:30:43","date_gmt":"2025-06-02T12:30:43","guid":{"rendered":"https:\/\/hyllancompany.com\/?post_type=product&#038;p=48642"},"modified":"2025-06-02T14:30:43","modified_gmt":"2025-06-02T12:30:43","slug":"gel-douche","status":"publish","type":"product","link":"https:\/\/hyllancompany.com\/index.php\/produit\/gel-douche\/","title":{"rendered":"GEL DOUCHE"},"content":{"rendered":"<p>Conditionnement : 500 ml<\/p>\n<p>Description : D\u00e9velopp\u00e9 selon une expertise dermatologique et p\u00e9diatrique rigoureuse, le traitement ultra-doux r\u00e9duit l&#8217;apparition de r\u00e9actions allergiques et garantit la s\u00e9curit\u00e9 d\u00e8s la naissance.<\/p>\n<p>Composition : Eau purifi\u00e9e, huile de coco, huile d&#8217;avocat, huile essentielle de Syzygium aromaticum, glyc\u00e9rine, huile essentielle de Cymbopogon citratus, hydroxyde de potassium, parfum, acide citrique.<\/p>\n<p>Mode d&#8217;emploi : Le gel douche BABY JUAN s&#8217;utilise quotidiennement sur peau humide. Versez une noisette de produit dans le creux de la main, puis appliquez d\u00e9licatement sur le corps et le cuir chevelu de b\u00e9b\u00e9. Rincez le gel moussant et s\u00e9chez d\u00e9licatement la peau de b\u00e9b\u00e9 sans frotter. Veillez \u00e0 essuyer d\u00e9licatement le si\u00e8ge et les plis cutan\u00e9s. Recommandation Usage externe uniquement Tenir hors de port\u00e9e des enfants<\/p>\n<p>Caract\u00e9ristiques : NETTOIE -HYDRATE -PROT\u00c8GE<\/p>\n<p>Prix : 2 500 FCFA<\/p>\n","protected":false},"excerpt":{"rendered":"<p>Conditionnement : 500 ml Description : D\u00e9velopp\u00e9 selon une expertise dermatologique et p\u00e9diatrique rigoureuse, le traitement ultra-doux r\u00e9duit l&#8217;apparition de r\u00e9actions allergiques et garantit la s\u00e9curit\u00e9 d\u00e8s la naissance. Composition : Eau purifi\u00e9e, huile de coco, huile d&#8217;avocat, huile essentielle de Syzygium aromaticum, glyc\u00e9rine, huile essentielle de Cymbopogon citratus, hydroxyde de potassium, parfum, acide citrique. [&hellip;]<\/p>\n","protected":false},"featured_media":48643,"comment_status":"open","ping_status":"closed","template":"","meta":[],"product_brand":[],"product_cat":[176,164],"product_tag":[],"class_list":{"0":"post-48642","1":"product","2":"type-product","3":"status-publish","4":"has-post-thumbnail","6":"product_cat-douche-produit-pour-bebe","7":"product_cat-produit-pour-bebe","10":"first","11":"instock","12":"shipping-taxable","13":"purchasable","14":"product-type-simple"},"_links":{"self":[{"href":"https:\/\/hyllancompany.com\/index.php\/wp-json\/wp\/v2\/product\/48642","targetHints":{"allow":["GET"]}}],"collection":[{"href":"https:\/\/hyllancompany.com\/index.php\/wp-json\/wp\/v2\/product"}],"about":[{"href":"https:\/\/hyllancompany.com\/index.php\/wp-json\/wp\/v2\/types\/product"}],"replies":[{"embeddable":true,"href":"https:\/\/hyllancompany.com\/index.php\/wp-json\/wp\/v2\/comments?post=48642"}],"version-history":[{"count":1,"href":"https:\/\/hyllancompany.com\/index.php\/wp-json\/wp\/v2\/product\/48642\/revisions"}],"predecessor-version":[{"id":48644,"href":"https:\/\/hyllancompany.com\/index.php\/wp-json\/wp\/v2\/product\/48642\/revisions\/48644"}],"wp:featuredmedia":[{"embeddable":true,"href":"https:\/\/hyllancompany.com\/index.php\/wp-json\/wp\/v2\/media\/48643"}],"wp:attachment":[{"href":"https:\/\/hyllancompany.com\/index.php\/wp-json\/wp\/v2\/media?parent=48642"}],"wp:term":[{"taxonomy":"product_brand","embeddable":true,"href":"https:\/\/hyllancompany.com\/index.php\/wp-json\/wp\/v2\/product_brand?post=48642"},{"taxonomy":"product_cat","embeddable":true,"href":"https:\/\/hyllancompany.com\/index.php\/wp-json\/wp\/v2\/product_cat?post=48642"},{"taxonomy":"product_tag","embeddable":true,"href":"https:\/\/hyllancompany.com\/index.php\/wp-json\/wp\/v2\/product_tag?post=48642"}],"curies":[{"name":"wp","href":"https:\/\/api.w.org\/{rel}","templated":true}]}}