{"id":48648,"date":"2025-06-02T14:36:40","date_gmt":"2025-06-02T12:36:40","guid":{"rendered":"https:\/\/hyllancompany.com\/?post_type=product&#038;p=48648"},"modified":"2025-06-02T14:36:40","modified_gmt":"2025-06-02T12:36:40","slug":"eau-de-cologne-baby-juan-2","status":"publish","type":"product","link":"https:\/\/hyllancompany.com\/index.php\/produit\/eau-de-cologne-baby-juan-2\/","title":{"rendered":"EAU DE COLOGNE BABY JUAN"},"content":{"rendered":"<div>Conditionnement : 300ml<\/div>\n<div><\/div>\n<div>Description : Pour une peau de b\u00e9b\u00e9 douce et propre, optez pour l\u2019eau de Cologne BABY JUAN. Elle apporte au b\u00e9b\u00e9 fraicheur et propret\u00e9 tout au long de la journ\u00e9e.<\/div>\n<div><\/div>\n<div>Composition : Eau hydro alcoolis\u00e9e parfum\u00e9e \u00e0 37%, hydrolat de Cymbopogon citratus, hydrolat de Syzygium aromaticum<\/div>\n<div><\/div>\n<div>Mode d\u2019emploi : Conseil d\u2019utilisation \/ how to use: Appliquer de l&#8217;eau de Cologne BABY JUAN sur les zones pulsatiles du corps, Recommandation Usage externe uniquement Tenir hors de port\u00e9e des enfants \u00c9viter tout contact avec les yeux<\/div>\n<div>Caracteristique : NETTOIE -HYDRATE -PROTEGE<\/div>\n<div><\/div>\n<div>Prix : 2 000 FCFA<\/div>\n","protected":false},"excerpt":{"rendered":"<p>Conditionnement : 300ml Description : Pour une peau de b\u00e9b\u00e9 douce et propre, optez pour l\u2019eau de Cologne BABY JUAN. Elle apporte au b\u00e9b\u00e9 fraicheur et propret\u00e9 tout au long de la journ\u00e9e. Composition : Eau hydro alcoolis\u00e9e parfum\u00e9e \u00e0 37%, hydrolat de Cymbopogon citratus, hydrolat de Syzygium aromaticum Mode d\u2019emploi : Conseil d\u2019utilisation \/ [&hellip;]<\/p>\n","protected":false},"featured_media":48640,"comment_status":"open","ping_status":"closed","template":"","meta":[],"product_brand":[],"product_cat":[176,164],"product_tag":[],"class_list":{"0":"post-48648","1":"product","2":"type-product","3":"status-publish","4":"has-post-thumbnail","6":"product_cat-douche-produit-pour-bebe","7":"product_cat-produit-pour-bebe","10":"first","11":"instock","12":"shipping-taxable","13":"purchasable","14":"product-type-simple"},"_links":{"self":[{"href":"https:\/\/hyllancompany.com\/index.php\/wp-json\/wp\/v2\/product\/48648","targetHints":{"allow":["GET"]}}],"collection":[{"href":"https:\/\/hyllancompany.com\/index.php\/wp-json\/wp\/v2\/product"}],"about":[{"href":"https:\/\/hyllancompany.com\/index.php\/wp-json\/wp\/v2\/types\/product"}],"replies":[{"embeddable":true,"href":"https:\/\/hyllancompany.com\/index.php\/wp-json\/wp\/v2\/comments?post=48648"}],"version-history":[{"count":1,"href":"https:\/\/hyllancompany.com\/index.php\/wp-json\/wp\/v2\/product\/48648\/revisions"}],"predecessor-version":[{"id":48649,"href":"https:\/\/hyllancompany.com\/index.php\/wp-json\/wp\/v2\/product\/48648\/revisions\/48649"}],"wp:featuredmedia":[{"embeddable":true,"href":"https:\/\/hyllancompany.com\/index.php\/wp-json\/wp\/v2\/media\/48640"}],"wp:attachment":[{"href":"https:\/\/hyllancompany.com\/index.php\/wp-json\/wp\/v2\/media?parent=48648"}],"wp:term":[{"taxonomy":"product_brand","embeddable":true,"href":"https:\/\/hyllancompany.com\/index.php\/wp-json\/wp\/v2\/product_brand?post=48648"},{"taxonomy":"product_cat","embeddable":true,"href":"https:\/\/hyllancompany.com\/index.php\/wp-json\/wp\/v2\/product_cat?post=48648"},{"taxonomy":"product_tag","embeddable":true,"href":"https:\/\/hyllancompany.com\/index.php\/wp-json\/wp\/v2\/product_tag?post=48648"}],"curies":[{"name":"wp","href":"https:\/\/api.w.org\/{rel}","templated":true}]}}