{"id":48662,"date":"2025-06-02T14:55:19","date_gmt":"2025-06-02T12:55:19","guid":{"rendered":"https:\/\/hyllancompany.com\/?post_type=product&#038;p=48662"},"modified":"2025-06-02T14:55:20","modified_gmt":"2025-06-02T12:55:20","slug":"creme-3e-age-juan","status":"publish","type":"product","link":"https:\/\/hyllancompany.com\/index.php\/produit\/creme-3e-age-juan\/","title":{"rendered":"Cr\u00e8me 3\u00e8 Age Juan"},"content":{"rendered":"<p>Conditionnement : 200 g<\/p>\n<p>Composition : Extrait verveine 1%, busserole 1%, concombre 1%, Om\u00e9ga 3<\/p>\n<p>Caracteristique : Elimine les t\u00e2ches brunes, donne une clart\u00e9 naturelle, combat les rides, hydrate et apaise la peau<\/p>\n<p>Prix : 2 500 FCFA<\/p>\n","protected":false},"excerpt":{"rendered":"<p>Conditionnement : 200 g Composition : Extrait verveine 1%, busserole 1%, concombre 1%, Om\u00e9ga 3 Caracteristique : Elimine les t\u00e2ches brunes, donne une clart\u00e9 naturelle, combat les rides, hydrate et apaise la peau Prix : 2 500 FCFA<\/p>\n","protected":false},"featured_media":48664,"comment_status":"open","ping_status":"closed","template":"","meta":[],"product_brand":[],"product_cat":[165,171],"product_tag":[],"class_list":{"0":"post-48662","1":"product","2":"type-product","3":"status-publish","4":"has-post-thumbnail","6":"product_cat-produits-pour-visage","7":"product_cat-soins-anti-age","10":"first","11":"instock","12":"shipping-taxable","13":"purchasable","14":"product-type-simple"},"_links":{"self":[{"href":"https:\/\/hyllancompany.com\/index.php\/wp-json\/wp\/v2\/product\/48662","targetHints":{"allow":["GET"]}}],"collection":[{"href":"https:\/\/hyllancompany.com\/index.php\/wp-json\/wp\/v2\/product"}],"about":[{"href":"https:\/\/hyllancompany.com\/index.php\/wp-json\/wp\/v2\/types\/product"}],"replies":[{"embeddable":true,"href":"https:\/\/hyllancompany.com\/index.php\/wp-json\/wp\/v2\/comments?post=48662"}],"version-history":[{"count":1,"href":"https:\/\/hyllancompany.com\/index.php\/wp-json\/wp\/v2\/product\/48662\/revisions"}],"predecessor-version":[{"id":48665,"href":"https:\/\/hyllancompany.com\/index.php\/wp-json\/wp\/v2\/product\/48662\/revisions\/48665"}],"wp:featuredmedia":[{"embeddable":true,"href":"https:\/\/hyllancompany.com\/index.php\/wp-json\/wp\/v2\/media\/48664"}],"wp:attachment":[{"href":"https:\/\/hyllancompany.com\/index.php\/wp-json\/wp\/v2\/media?parent=48662"}],"wp:term":[{"taxonomy":"product_brand","embeddable":true,"href":"https:\/\/hyllancompany.com\/index.php\/wp-json\/wp\/v2\/product_brand?post=48662"},{"taxonomy":"product_cat","embeddable":true,"href":"https:\/\/hyllancompany.com\/index.php\/wp-json\/wp\/v2\/product_cat?post=48662"},{"taxonomy":"product_tag","embeddable":true,"href":"https:\/\/hyllancompany.com\/index.php\/wp-json\/wp\/v2\/product_tag?post=48662"}],"curies":[{"name":"wp","href":"https:\/\/api.w.org\/{rel}","templated":true}]}}