{"id":48666,"date":"2025-06-02T14:58:11","date_gmt":"2025-06-02T12:58:11","guid":{"rendered":"https:\/\/hyllancompany.com\/?post_type=product&#038;p=48666"},"modified":"2025-06-02T14:58:11","modified_gmt":"2025-06-02T12:58:11","slug":"gel-de-douche-hydratant-juan-2","status":"publish","type":"product","link":"https:\/\/hyllancompany.com\/index.php\/produit\/gel-de-douche-hydratant-juan-2\/","title":{"rendered":"Gel de douche Hydratant JUAN"},"content":{"rendered":"<div>Conditionnement : 500ml<\/div>\n<div><\/div>\n<div>Description : S\u2019utilise comme gel de bain, bain moussant et gel de douche<\/div>\n<div><\/div>\n<div>Composition : methylchloroisothiazolinone, purified water Soduim choride, EDTA, Ianolin, extrait ylang-ylang, eucalypus, benjoin and santal<\/div>\n<div><\/div>\n<div>Mode d\u2019emploi : S\u2019utilise en gel de douche sur le corps et visage Eviter le contact avec les yeux<\/div>\n<div><\/div>\n<div>Caracteristique : Nettoyant, ce soin lave d\u00e9licatement la peau Bouclier protecteur pr\u00e9serve le lm hydrolipidique de la peau Anti-irritant prot\u00e8ge l\u2019\u00e9piderme gr\u00e2ce \u00e0 sa formule hypoallerg\u00e9nique. Apaisant att\u00e9nue les sensations de picotements et adoucit la peau gr\u00e2ce \u00e0 la vitamine B5. Humectant retient l\u2019humidit\u00e9 sur la peau<\/div>\n<div><\/div>\n<div>Prix : 2 000 FCFA<\/div>\n","protected":false},"excerpt":{"rendered":"<p>Conditionnement : 500ml Description : S\u2019utilise comme gel de bain, bain moussant et gel de douche Composition : methylchloroisothiazolinone, purified water Soduim choride, EDTA, Ianolin, extrait ylang-ylang, eucalypus, benjoin and santal Mode d\u2019emploi : S\u2019utilise en gel de douche sur le corps et visage Eviter le contact avec les yeux Caracteristique : Nettoyant, ce soin [&hellip;]<\/p>\n","protected":false},"featured_media":48617,"comment_status":"open","ping_status":"closed","template":"","meta":[],"product_brand":[],"product_cat":[165,170],"product_tag":[],"class_list":{"0":"post-48666","1":"product","2":"type-product","3":"status-publish","4":"has-post-thumbnail","6":"product_cat-produits-pour-visage","7":"product_cat-soins-hydratant","10":"first","11":"instock","12":"shipping-taxable","13":"purchasable","14":"product-type-simple"},"_links":{"self":[{"href":"https:\/\/hyllancompany.com\/index.php\/wp-json\/wp\/v2\/product\/48666","targetHints":{"allow":["GET"]}}],"collection":[{"href":"https:\/\/hyllancompany.com\/index.php\/wp-json\/wp\/v2\/product"}],"about":[{"href":"https:\/\/hyllancompany.com\/index.php\/wp-json\/wp\/v2\/types\/product"}],"replies":[{"embeddable":true,"href":"https:\/\/hyllancompany.com\/index.php\/wp-json\/wp\/v2\/comments?post=48666"}],"version-history":[{"count":1,"href":"https:\/\/hyllancompany.com\/index.php\/wp-json\/wp\/v2\/product\/48666\/revisions"}],"predecessor-version":[{"id":48667,"href":"https:\/\/hyllancompany.com\/index.php\/wp-json\/wp\/v2\/product\/48666\/revisions\/48667"}],"wp:featuredmedia":[{"embeddable":true,"href":"https:\/\/hyllancompany.com\/index.php\/wp-json\/wp\/v2\/media\/48617"}],"wp:attachment":[{"href":"https:\/\/hyllancompany.com\/index.php\/wp-json\/wp\/v2\/media?parent=48666"}],"wp:term":[{"taxonomy":"product_brand","embeddable":true,"href":"https:\/\/hyllancompany.com\/index.php\/wp-json\/wp\/v2\/product_brand?post=48666"},{"taxonomy":"product_cat","embeddable":true,"href":"https:\/\/hyllancompany.com\/index.php\/wp-json\/wp\/v2\/product_cat?post=48666"},{"taxonomy":"product_tag","embeddable":true,"href":"https:\/\/hyllancompany.com\/index.php\/wp-json\/wp\/v2\/product_tag?post=48666"}],"curies":[{"name":"wp","href":"https:\/\/api.w.org\/{rel}","templated":true}]}}